{"id":9,"date":"2020-11-11T17:25:38","date_gmt":"2020-11-11T17:25:38","guid":{"rendered":"http:\/\/elektromoskocsi-betegagy.hu\/fiokom\/"},"modified":"2020-11-11T17:25:38","modified_gmt":"2020-11-11T17:25:38","slug":"fiokom","status":"publish","type":"page","link":"https:\/\/elektromoskocsi-betegagy.hu\/ro\/fiokom\/","title":{"rendered":"A fi\u00f3kom"},"content":{"rendered":"<p>[woocommerce_my_account]<\/p>\n","protected":false},"excerpt":{"rendered":"","protected":false},"author":1,"featured_media":0,"parent":0,"menu_order":0,"comment_status":"closed","ping_status":"closed","template":"","meta":{"footnotes":""},"class_list":["post-9","page","type-page","status-publish","hentry"],"yoast_head":"<!-- This site is optimized with the Yoast SEO plugin v20.3 - https:\/\/yoast.com\/wordpress\/plugins\/seo\/ -->\n<title>A fi\u00f3kom - Rehab Partner Alap\u00edtv\u00e1ny<\/title>\n<meta name=\"robots\" content=\"index, follow, max-snippet:-1, max-image-preview:large, max-video-preview:-1\" \/>\n<link rel=\"canonical\" href=\"https:\/\/elektromoskocsi-betegagy.hu\/ro\/fiokom\/\" \/>\n<meta property=\"og:locale\" content=\"ro_RO\" \/>\n<meta property=\"og:locale:alternate\" content=\"hu_HU\" \/>\n<meta property=\"og:locale:alternate\" content=\"en_US\" \/>\n<meta property=\"og:locale:alternate\" content=\"de_DE\" \/>\n<meta property=\"og:type\" content=\"article\" \/>\n<meta property=\"og:title\" content=\"A fi\u00f3kom - Rehab Partner Alap\u00edtv\u00e1ny\" \/>\n<meta property=\"og:url\" content=\"https:\/\/elektromoskocsi-betegagy.hu\/ro\/fiokom\/\" \/>\n<meta property=\"og:site_name\" content=\"Rehab Partner Alap\u00edtv\u00e1ny\" \/>\n<meta name=\"twitter:card\" content=\"summary_large_image\" \/>\n<script type=\"application\/ld+json\" class=\"yoast-schema-graph\">{\"@context\":\"https:\/\/schema.org\",\"@graph\":[{\"@type\":\"WebPage\",\"@id\":\"https:\/\/elektromoskocsi-betegagy.hu\/en\/fiokom\/\",\"url\":\"https:\/\/elektromoskocsi-betegagy.hu\/en\/fiokom\/\",\"name\":\"A fi\u00f3kom - Rehab Partner Alap\u00edtv\u00e1ny\",\"isPartOf\":{\"@id\":\"https:\/\/elektromoskocsi-betegagy.hu\/hu\/#website\"},\"datePublished\":\"2020-11-11T17:25:38+00:00\",\"dateModified\":\"2020-11-11T17:25:38+00:00\",\"breadcrumb\":{\"@id\":\"https:\/\/elektromoskocsi-betegagy.hu\/en\/fiokom\/#breadcrumb\"},\"inLanguage\":\"ro-RO\",\"potentialAction\":[{\"@type\":\"ReadAction\",\"target\":[\"https:\/\/elektromoskocsi-betegagy.hu\/en\/fiokom\/\"]}]},{\"@type\":\"BreadcrumbList\",\"@id\":\"https:\/\/elektromoskocsi-betegagy.hu\/en\/fiokom\/#breadcrumb\",\"itemListElement\":[{\"@type\":\"ListItem\",\"position\":1,\"name\":\"Kezd\u0151lap\",\"item\":\"https:\/\/elektromoskocsi-betegagy.hu\/hu\/\"},{\"@type\":\"ListItem\",\"position\":2,\"name\":\"A fi\u00f3kom\"}]},{\"@type\":\"WebSite\",\"@id\":\"https:\/\/elektromoskocsi-betegagy.hu\/hu\/#website\",\"url\":\"https:\/\/elektromoskocsi-betegagy.hu\/hu\/\",\"name\":\"Rehab Partner Alap\u00edtv\u00e1ny\",\"description\":\"K\u00f3rh\u00e1zi \u00e9s gy\u00f3gy\u00e1szati eszk\u00f6z\u00f6k norv\u00e9g nagy rakt\u00e1ra\",\"potentialAction\":[{\"@type\":\"SearchAction\",\"target\":{\"@type\":\"EntryPoint\",\"urlTemplate\":\"https:\/\/elektromoskocsi-betegagy.hu\/hu\/?s={search_term_string}\"},\"query-input\":\"required name=search_term_string\"}],\"inLanguage\":\"ro-RO\"}]}<\/script>\n<!-- \/ Yoast SEO plugin. -->","yoast_head_json":{"title":"A fi\u00f3kom - Rehab Partner Alap\u00edtv\u00e1ny","robots":{"index":"index","follow":"follow","max-snippet":"max-snippet:-1","max-image-preview":"max-image-preview:large","max-video-preview":"max-video-preview:-1"},"canonical":"https:\/\/elektromoskocsi-betegagy.hu\/ro\/fiokom\/","og_locale":"ro_RO","og_type":"article","og_title":"A fi\u00f3kom - Rehab Partner Alap\u00edtv\u00e1ny","og_url":"https:\/\/elektromoskocsi-betegagy.hu\/ro\/fiokom\/","og_site_name":"Rehab Partner Alap\u00edtv\u00e1ny","twitter_card":"summary_large_image","schema":{"@context":"https:\/\/schema.org","@graph":[{"@type":"WebPage","@id":"https:\/\/elektromoskocsi-betegagy.hu\/en\/fiokom\/","url":"https:\/\/elektromoskocsi-betegagy.hu\/en\/fiokom\/","name":"A fi\u00f3kom - Rehab Partner Alap\u00edtv\u00e1ny","isPartOf":{"@id":"https:\/\/elektromoskocsi-betegagy.hu\/hu\/#website"},"datePublished":"2020-11-11T17:25:38+00:00","dateModified":"2020-11-11T17:25:38+00:00","breadcrumb":{"@id":"https:\/\/elektromoskocsi-betegagy.hu\/en\/fiokom\/#breadcrumb"},"inLanguage":"ro-RO","potentialAction":[{"@type":"ReadAction","target":["https:\/\/elektromoskocsi-betegagy.hu\/en\/fiokom\/"]}]},{"@type":"BreadcrumbList","@id":"https:\/\/elektromoskocsi-betegagy.hu\/en\/fiokom\/#breadcrumb","itemListElement":[{"@type":"ListItem","position":1,"name":"Kezd\u0151lap","item":"https:\/\/elektromoskocsi-betegagy.hu\/hu\/"},{"@type":"ListItem","position":2,"name":"A fi\u00f3kom"}]},{"@type":"WebSite","@id":"https:\/\/elektromoskocsi-betegagy.hu\/hu\/#website","url":"https:\/\/elektromoskocsi-betegagy.hu\/hu\/","name":"Rehab Partner Alap\u00edtv\u00e1ny","description":"K\u00f3rh\u00e1zi \u00e9s gy\u00f3gy\u00e1szati eszk\u00f6z\u00f6k norv\u00e9g nagy rakt\u00e1ra","potentialAction":[{"@type":"SearchAction","target":{"@type":"EntryPoint","urlTemplate":"https:\/\/elektromoskocsi-betegagy.hu\/hu\/?s={search_term_string}"},"query-input":"required name=search_term_string"}],"inLanguage":"ro-RO"}]}},"_links":{"self":[{"href":"https:\/\/elektromoskocsi-betegagy.hu\/ro\/wp-json\/wp\/v2\/pages\/9"}],"collection":[{"href":"https:\/\/elektromoskocsi-betegagy.hu\/ro\/wp-json\/wp\/v2\/pages"}],"about":[{"href":"https:\/\/elektromoskocsi-betegagy.hu\/ro\/wp-json\/wp\/v2\/types\/page"}],"author":[{"embeddable":true,"href":"https:\/\/elektromoskocsi-betegagy.hu\/ro\/wp-json\/wp\/v2\/users\/1"}],"replies":[{"embeddable":true,"href":"https:\/\/elektromoskocsi-betegagy.hu\/ro\/wp-json\/wp\/v2\/comments?post=9"}],"version-history":[{"count":0,"href":"https:\/\/elektromoskocsi-betegagy.hu\/ro\/wp-json\/wp\/v2\/pages\/9\/revisions"}],"wp:attachment":[{"href":"https:\/\/elektromoskocsi-betegagy.hu\/ro\/wp-json\/wp\/v2\/media?parent=9"}],"curies":[{"name":"wp","href":"https:\/\/api.w.org\/{rel}","templated":true}]}}